{"id":188,"date":"2021-05-19T12:00:46","date_gmt":"2021-05-19T10:00:46","guid":{"rendered":"http:\/\/obocagg.cluster030.hosting.ovh.net\/?page_id=188"},"modified":"2026-03-16T18:49:59","modified_gmt":"2026-03-16T17:49:59","slug":"nos-services","status":"publish","type":"page","link":"https:\/\/obocage58.fr\/index.php\/nos-services\/","title":{"rendered":"Nos services"},"content":{"rendered":"<ul>\n<li>petit d\u00e9jeuner nomade (th\u00e9, caf\u00e9, collations)<\/li>\n<li>Kitchenette partag\u00e9e (r\u00e9frig\u00e9rateur, micro ondes, cafeti\u00e8re, vaisselle)<\/li>\n<li>environnement calme<\/li>\n<li>parking priv\u00e9<\/li>\n<li>Grange ferm\u00e9e pour vos v\u00e9los, motos.<\/li>\n<li>Possibilit\u00e9s de nettoyage et petites r\u00e9parations.<\/li>\n<li>Wifi<\/li>\n<li>jardin privatif avec salon de jardin et transat<\/li>\n<li>h\u00e9bergement autonome avec boite \u00e0 cl\u00e9s<\/li>\n<li>logement non fumeur<\/li>\n<li>animaux non admis<\/li>\n<\/ul>\n","protected":false},"excerpt":{"rendered":"<p>petit d\u00e9jeuner nomade (th\u00e9, caf\u00e9, collations) Kitchenette partag\u00e9e (r\u00e9frig\u00e9rateur, micro ondes, cafeti\u00e8re, vaisselle) environnement calme parking priv\u00e9 Grange ferm\u00e9e pour vos v\u00e9los, motos. Possibilit\u00e9s de nettoyage et petites r\u00e9parations. Wifi jardin privatif avec salon de jardin et transat h\u00e9bergement autonome avec boite \u00e0 cl\u00e9s logement non fumeur animaux non admis<\/p>\n","protected":false},"author":1,"featured_media":0,"parent":0,"menu_order":0,"comment_status":"closed","ping_status":"closed","template":"","meta":{"_seopress_robots_primary_cat":"","_seopress_titles_title":"","_seopress_titles_desc":"Venez s\u00e9journer dans nos chambres meubl\u00e9es avec kitchenette partag\u00e9e, nous vous offrons les services suivants : parking priv\u00e9, grange ferm\u00e9 pour vous v\u00e9los ou motos, salon de jardin, transats ...","_seopress_robots_index":"","footnotes":""},"class_list":["post-188","page","type-page","status-publish","hentry"],"_links":{"self":[{"href":"https:\/\/obocage58.fr\/index.php\/wp-json\/wp\/v2\/pages\/188","targetHints":{"allow":["GET"]}}],"collection":[{"href":"https:\/\/obocage58.fr\/index.php\/wp-json\/wp\/v2\/pages"}],"about":[{"href":"https:\/\/obocage58.fr\/index.php\/wp-json\/wp\/v2\/types\/page"}],"author":[{"embeddable":true,"href":"https:\/\/obocage58.fr\/index.php\/wp-json\/wp\/v2\/users\/1"}],"replies":[{"embeddable":true,"href":"https:\/\/obocage58.fr\/index.php\/wp-json\/wp\/v2\/comments?post=188"}],"version-history":[{"count":10,"href":"https:\/\/obocage58.fr\/index.php\/wp-json\/wp\/v2\/pages\/188\/revisions"}],"predecessor-version":[{"id":407,"href":"https:\/\/obocage58.fr\/index.php\/wp-json\/wp\/v2\/pages\/188\/revisions\/407"}],"wp:attachment":[{"href":"https:\/\/obocage58.fr\/index.php\/wp-json\/wp\/v2\/media?parent=188"}],"curies":[{"name":"wp","href":"https:\/\/api.w.org\/{rel}","templated":true}]}}