{"id":198,"date":"2021-05-19T13:50:32","date_gmt":"2021-05-19T11:50:32","guid":{"rendered":"http:\/\/obocagg.cluster030.hosting.ovh.net\/?page_id=198"},"modified":"2026-01-15T11:14:47","modified_gmt":"2026-01-15T10:14:47","slug":"ouvert-toute-lannee","status":"publish","type":"page","link":"https:\/\/obocage58.fr\/","title":{"rendered":"Ouvert d&rsquo;Avril \u00e0 Octobre"},"content":{"rendered":"<p>CHAMBRES MEUBLEES &#8211; Kitchenette partag\u00e9e<\/p>\n<p>2 chambres meubl\u00e9es confortable avec acc\u00e8s \u00e0 une kitchenette commune \u00e9quip\u00e9e d&rsquo;un r\u00e9frig\u00e9rateur, micro ondes, cafeti\u00e8re, vaisselle.<\/p>\n<p>(possibilit\u00e9 d&rsquo;un couchage suppl\u00e9mentaire avec lit d&rsquo;appoint).<\/p>\n<p>Profitez d&rsquo;une chambre meubl\u00e9e agr\u00e9able et fonctionnelle id\u00e9ale pour un s\u00e9jour calme.<\/p>\n<p>Votre chambre dispose d&rsquo;un lit confortable, de rangement, d&rsquo;un espace de travail, d&rsquo;un wc s\u00e9par\u00e9 et d&rsquo;une salle d&rsquo;eau douche \u00e0 l&rsquo;Italienne.<\/p>\n<p>La d\u00e9coration soign\u00e9e et unique a \u00e9t\u00e9 r\u00e9alis\u00e9e avec passion rien que pour votre plaisir.<\/p>\n\n\n<p><\/p>\n","protected":false},"excerpt":{"rendered":"<p>CHAMBRES MEUBLEES &#8211; Kitchenette partag\u00e9e 2 chambres meubl\u00e9es confortable avec acc\u00e8s \u00e0 une kitchenette commune \u00e9quip\u00e9e d&rsquo;un r\u00e9frig\u00e9rateur, micro ondes, cafeti\u00e8re, vaisselle. (possibilit\u00e9 d&rsquo;un couchage suppl\u00e9mentaire avec lit d&rsquo;appoint). Profitez d&rsquo;une chambre meubl\u00e9e agr\u00e9able et fonctionnelle id\u00e9ale pour un s\u00e9jour calme. Votre chambre dispose d&rsquo;un lit confortable, de rangement, d&rsquo;un espace de travail, d&rsquo;un wc [&hellip;]<\/p>\n","protected":false},"author":1,"featured_media":0,"parent":0,"menu_order":0,"comment_status":"closed","ping_status":"closed","template":"","meta":{"_seopress_robots_primary_cat":"","_seopress_titles_title":"","_seopress_titles_desc":"CHAMBRES MEUBLEES  - KITCHENETTE PARTAGEE","_seopress_robots_index":"","footnotes":""},"class_list":["post-198","page","type-page","status-publish","hentry"],"_links":{"self":[{"href":"https:\/\/obocage58.fr\/index.php\/wp-json\/wp\/v2\/pages\/198","targetHints":{"allow":["GET"]}}],"collection":[{"href":"https:\/\/obocage58.fr\/index.php\/wp-json\/wp\/v2\/pages"}],"about":[{"href":"https:\/\/obocage58.fr\/index.php\/wp-json\/wp\/v2\/types\/page"}],"author":[{"embeddable":true,"href":"https:\/\/obocage58.fr\/index.php\/wp-json\/wp\/v2\/users\/1"}],"replies":[{"embeddable":true,"href":"https:\/\/obocage58.fr\/index.php\/wp-json\/wp\/v2\/comments?post=198"}],"version-history":[{"count":8,"href":"https:\/\/obocage58.fr\/index.php\/wp-json\/wp\/v2\/pages\/198\/revisions"}],"predecessor-version":[{"id":387,"href":"https:\/\/obocage58.fr\/index.php\/wp-json\/wp\/v2\/pages\/198\/revisions\/387"}],"wp:attachment":[{"href":"https:\/\/obocage58.fr\/index.php\/wp-json\/wp\/v2\/media?parent=198"}],"curies":[{"name":"wp","href":"https:\/\/api.w.org\/{rel}","templated":true}]}}