{"id":67,"date":"2021-05-18T08:30:45","date_gmt":"2021-05-18T06:30:45","guid":{"rendered":"http:\/\/obocagg.cluster030.hosting.ovh.net\/?page_id=67"},"modified":"2026-03-16T18:47:50","modified_gmt":"2026-03-16T17:47:50","slug":"hebergement-2","status":"publish","type":"page","link":"https:\/\/obocage58.fr\/index.php\/hebergement-2\/","title":{"rendered":"H\u00e9bergement"},"content":{"rendered":"\n<p>Situ\u00e9 dans le d\u00e9partement de la Ni\u00e8vre, \u00e0 quelques kilom\u00e8tres de Clamecy, O BOCAGE, Ariel et J\u00e9r\u00f4me sont heureux de vous accueillir dans leur ancienne \u00e9table r\u00e9habilit\u00e9e en 2 chambres meubl\u00e9es avec kitchenette partag\u00e9e.<\/p>\n\n\n\n<p>Dans un \u00e9crin de verdure, venez vous ressourcer dans ce lieu ou les amateurs de nature et de calme trouveront de quoi satisfaire leurs d\u00e9sirs. Vous disposerez d&rsquo;une chambre spacieuse, d&rsquo;une salle d&rsquo;eau privative avec douche \u00e0 l&rsquo;italienne et WC s\u00e9par\u00e9, d&rsquo;une Kitchenette commune enti\u00e8rement \u00e9quip\u00e9e (r\u00e9frig\u00e9rateur, micro ondes, cafeti\u00e8re, vaisselle) vous permettant de pr\u00e9parer vos repas en toute autonomie.<\/p>\n\n\n\n<p>Un lit b\u00e9b\u00e9 et une chaise haute sont \u00e0 votre disposition.<\/p>\n\n\n\n<p>Petit d\u00e9jeuner nomade (th\u00e9, caf\u00e9, collations)<\/p>\n\n\n\n<p>Espace vert ext\u00e9rieur avec salons de jardin individuels et transats.<\/p>\n\n\n\n<p>Parking priv\u00e9.<\/p>\n\n\n\n<p>Grange ferm\u00e9e \u00e0 votre disposition pour vos v\u00e9los et motos.   <\/p>\n\n\n\n<p>A proximit\u00e9 : de nombreux sentiers de randonn\u00e9es, p\u00eache, baignade en lac, parcours cyclo : route et vtt, feront de votre s\u00e9jour un moment inoubliable.&nbsp;<\/p>\n\n\n\n<p>Arriv\u00e9es autonome avec boite \u00e0 cl\u00e9s \u00e0 partir de 17h &#8211; d\u00e9part 10h<\/p>\n\n\n\n<p>Les animaux de compagnie ne sont pas accept\u00e9s<\/p>\n\n\n\n<p class=\"has-text-align-center\">Chambre SHABBY<\/p>\n\n\n\n<div class=\"wp-block-group\"><div class=\"wp-block-group__inner-container is-layout-flow wp-block-group-is-layout-flow\">\n<div class=\"wp-block-columns is-layout-flex wp-container-core-columns-is-layout-9d6595d7 wp-block-columns-is-layout-flex\">\n<div class=\"wp-block-column is-vertically-aligned-top is-layout-flow wp-block-column-is-layout-flow\" style=\"flex-basis:100%\">\n<div class=\"wp-block-columns is-layout-flex wp-container-core-columns-is-layout-9d6595d7 wp-block-columns-is-layout-flex\">\n<div class=\"wp-block-column is-layout-flow wp-block-column-is-layout-flow\" style=\"flex-basis:100%\"><div class=\"wp-block-image is-style-rounded\">\n<figure class=\"aligncenter size-large\"><img loading=\"lazy\" decoding=\"async\" width=\"600\" height=\"450\" src=\"http:\/\/obocagg.cluster030.hosting.ovh.net\/wp-content\/uploads\/2021\/05\/chambre-shabby-o-bocage.jpg\" alt=\"\" class=\"wp-image-308\" srcset=\"https:\/\/obocage58.fr\/wp-content\/uploads\/2021\/05\/chambre-shabby-o-bocage.jpg 600w, https:\/\/obocage58.fr\/wp-content\/uploads\/2021\/05\/chambre-shabby-o-bocage-300x225.jpg 300w\" sizes=\"auto, (max-width: 600px) 100vw, 600px\" \/><\/figure>\n<\/div>\n\n\n<figure class=\"wp-block-gallery has-nested-images columns-default is-cropped wp-block-gallery-1 is-layout-flex wp-block-gallery-is-layout-flex\">\n<figure class=\"wp-block-image size-full\"><img loading=\"lazy\" decoding=\"async\" width=\"600\" height=\"450\" data-id=\"50\" src=\"https:\/\/obocage58.fr\/wp-content\/uploads\/2021\/05\/chambre-shabby.jpg\" alt=\"\" class=\"wp-image-50\" srcset=\"https:\/\/obocage58.fr\/wp-content\/uploads\/2021\/05\/chambre-shabby.jpg 600w, https:\/\/obocage58.fr\/wp-content\/uploads\/2021\/05\/chambre-shabby-300x225.jpg 300w\" sizes=\"auto, (max-width: 600px) 100vw, 600px\" \/><\/figure>\n\n\n\n<figure class=\"wp-block-image size-full\"><img loading=\"lazy\" decoding=\"async\" width=\"450\" height=\"600\" data-id=\"309\" src=\"https:\/\/obocage58.fr\/wp-content\/uploads\/2021\/05\/table-plateau-d-accueuil-chambre-shabby.jpg\" alt=\"\" class=\"wp-image-309\" srcset=\"https:\/\/obocage58.fr\/wp-content\/uploads\/2021\/05\/table-plateau-d-accueuil-chambre-shabby.jpg 450w, https:\/\/obocage58.fr\/wp-content\/uploads\/2021\/05\/table-plateau-d-accueuil-chambre-shabby-225x300.jpg 225w\" sizes=\"auto, (max-width: 450px) 100vw, 450px\" \/><\/figure>\n\n\n\n<figure class=\"wp-block-image size-full\"><img loading=\"lazy\" decoding=\"async\" width=\"450\" height=\"600\" data-id=\"61\" src=\"https:\/\/obocage58.fr\/wp-content\/uploads\/2021\/05\/sdb-o-bocage.jpg\" alt=\"\" class=\"wp-image-61\" srcset=\"https:\/\/obocage58.fr\/wp-content\/uploads\/2021\/05\/sdb-o-bocage.jpg 450w, https:\/\/obocage58.fr\/wp-content\/uploads\/2021\/05\/sdb-o-bocage-225x300.jpg 225w\" sizes=\"auto, (max-width: 450px) 100vw, 450px\" \/><\/figure>\n<\/figure>\n<\/div>\n<\/div>\n\n\n\n<p class=\"has-text-align-center\">Chambre CAMPAGNE<\/p>\n<\/div>\n<\/div>\n\n\n\n<div class=\"wp-block-group\"><div class=\"wp-block-group__inner-container is-layout-flow wp-block-group-is-layout-flow\">\n<div class=\"wp-block-group\"><div class=\"wp-block-group__inner-container is-layout-flow wp-block-group-is-layout-flow\"><div class=\"wp-block-image is-style-rounded\">\n<figure class=\"aligncenter size-large\"><img loading=\"lazy\" decoding=\"async\" width=\"600\" height=\"450\" src=\"http:\/\/obocagg.cluster030.hosting.ovh.net\/wp-content\/uploads\/2021\/05\/chambre-campagne-o-bocage.jpg\" alt=\"\" class=\"wp-image-311\" srcset=\"https:\/\/obocage58.fr\/wp-content\/uploads\/2021\/05\/chambre-campagne-o-bocage.jpg 600w, https:\/\/obocage58.fr\/wp-content\/uploads\/2021\/05\/chambre-campagne-o-bocage-300x225.jpg 300w\" sizes=\"auto, (max-width: 600px) 100vw, 600px\" \/><\/figure>\n<\/div>\n\n\n<figure class=\"wp-block-gallery has-nested-images columns-default is-cropped wp-block-gallery-2 is-layout-flex wp-block-gallery-is-layout-flex\">\n<figure class=\"wp-block-image size-large\"><img loading=\"lazy\" decoding=\"async\" width=\"600\" height=\"450\" data-id=\"312\" src=\"https:\/\/obocage58.fr\/wp-content\/uploads\/2021\/05\/chambre-campagne-verte-o-bocage.jpg\" alt=\"\" class=\"wp-image-312\" srcset=\"https:\/\/obocage58.fr\/wp-content\/uploads\/2021\/05\/chambre-campagne-verte-o-bocage.jpg 600w, https:\/\/obocage58.fr\/wp-content\/uploads\/2021\/05\/chambre-campagne-verte-o-bocage-300x225.jpg 300w\" sizes=\"auto, (max-width: 600px) 100vw, 600px\" \/><\/figure>\n\n\n\n<figure class=\"wp-block-image size-large\"><img loading=\"lazy\" decoding=\"async\" width=\"600\" height=\"450\" data-id=\"29\" src=\"https:\/\/obocage58.fr\/wp-content\/uploads\/2021\/05\/chambre-chic-o-bocage-1.jpg\" alt=\"\" class=\"wp-image-29\" srcset=\"https:\/\/obocage58.fr\/wp-content\/uploads\/2021\/05\/chambre-chic-o-bocage-1.jpg 600w, https:\/\/obocage58.fr\/wp-content\/uploads\/2021\/05\/chambre-chic-o-bocage-1-300x225.jpg 300w\" sizes=\"auto, (max-width: 600px) 100vw, 600px\" \/><\/figure>\n\n\n\n<figure class=\"wp-block-image size-large\"><img loading=\"lazy\" decoding=\"async\" width=\"450\" height=\"600\" data-id=\"59\" src=\"https:\/\/obocage58.fr\/wp-content\/uploads\/2021\/05\/salle-de-bain-chambre.jpg\" alt=\"\" class=\"wp-image-59\" srcset=\"https:\/\/obocage58.fr\/wp-content\/uploads\/2021\/05\/salle-de-bain-chambre.jpg 450w, https:\/\/obocage58.fr\/wp-content\/uploads\/2021\/05\/salle-de-bain-chambre-225x300.jpg 225w\" sizes=\"auto, (max-width: 450px) 100vw, 450px\" \/><\/figure>\n<\/figure>\n<\/div><\/div>\n\n\n\n<p class=\"has-text-align-center\"><\/p>\n<\/div><\/div>\n<\/div><\/div>\n\n\n\n<p class=\"has-text-align-center\">Kitchenette partag\u00e9e<\/p>\n\n\n\n<p>Equipements : Micro ondes, frigidaire, bouilloires, machine \u00e0 caf\u00e9, petites vaisselles<\/p>\n\n\n\n<div class=\"wp-block-group is-layout-grid wp-container-core-group-is-layout-9649a0d9 wp-block-group-is-layout-grid\">\n<figure class=\"wp-block-image size-full\"><img loading=\"lazy\" decoding=\"async\" width=\"450\" height=\"600\" src=\"https:\/\/obocage58.fr\/wp-content\/uploads\/2026\/03\/kitchenette.jpg\" alt=\"\" class=\"wp-image-396\" srcset=\"https:\/\/obocage58.fr\/wp-content\/uploads\/2026\/03\/kitchenette.jpg 450w, https:\/\/obocage58.fr\/wp-content\/uploads\/2026\/03\/kitchenette-225x300.jpg 225w\" sizes=\"auto, (max-width: 450px) 100vw, 450px\" \/><\/figure>\n\n\n\n<figure class=\"wp-block-image size-full\"><img loading=\"lazy\" decoding=\"async\" width=\"450\" height=\"600\" src=\"https:\/\/obocage58.fr\/wp-content\/uploads\/2026\/03\/kitchenette-1.jpg\" alt=\"\" class=\"wp-image-397\" srcset=\"https:\/\/obocage58.fr\/wp-content\/uploads\/2026\/03\/kitchenette-1.jpg 450w, https:\/\/obocage58.fr\/wp-content\/uploads\/2026\/03\/kitchenette-1-225x300.jpg 225w\" sizes=\"auto, (max-width: 450px) 100vw, 450px\" \/><\/figure>\n\n\n\n<figure class=\"wp-block-image size-full\"><img loading=\"lazy\" decoding=\"async\" width=\"450\" height=\"600\" src=\"https:\/\/obocage58.fr\/wp-content\/uploads\/2026\/03\/kitchenette-2.jpg\" alt=\"\" class=\"wp-image-398\" srcset=\"https:\/\/obocage58.fr\/wp-content\/uploads\/2026\/03\/kitchenette-2.jpg 450w, https:\/\/obocage58.fr\/wp-content\/uploads\/2026\/03\/kitchenette-2-225x300.jpg 225w\" sizes=\"auto, (max-width: 450px) 100vw, 450px\" \/><\/figure>\n\n\n\n<figure class=\"wp-block-image size-full\"><img loading=\"lazy\" decoding=\"async\" width=\"450\" height=\"600\" src=\"https:\/\/obocage58.fr\/wp-content\/uploads\/2026\/03\/vaisselle-1.jpg\" alt=\"\" class=\"wp-image-399\" srcset=\"https:\/\/obocage58.fr\/wp-content\/uploads\/2026\/03\/vaisselle-1.jpg 450w, https:\/\/obocage58.fr\/wp-content\/uploads\/2026\/03\/vaisselle-1-225x300.jpg 225w\" sizes=\"auto, (max-width: 450px) 100vw, 450px\" \/><\/figure>\n<\/div>\n\n\n\n<p class=\"has-text-align-center\">Notre environnement <\/p>\n\n\n\n<div class=\"wp-block-columns is-layout-flex wp-container-core-columns-is-layout-9d6595d7 wp-block-columns-is-layout-flex\">\n<div class=\"wp-block-column is-layout-flow wp-block-column-is-layout-flow\">\n<figure class=\"wp-block-gallery has-nested-images columns-default is-cropped wp-block-gallery-3 is-layout-flex wp-block-gallery-is-layout-flex\">\n<figure class=\"wp-block-image size-large\"><img loading=\"lazy\" decoding=\"async\" width=\"600\" height=\"450\" data-id=\"38\" src=\"https:\/\/obocage58.fr\/wp-content\/uploads\/2021\/05\/paturage.jpg\" alt=\"\" class=\"wp-image-38\" srcset=\"https:\/\/obocage58.fr\/wp-content\/uploads\/2021\/05\/paturage.jpg 600w, https:\/\/obocage58.fr\/wp-content\/uploads\/2021\/05\/paturage-300x225.jpg 300w\" sizes=\"auto, (max-width: 600px) 100vw, 600px\" \/><\/figure>\n\n\n\n<figure class=\"wp-block-image size-large\"><img loading=\"lazy\" decoding=\"async\" width=\"600\" height=\"450\" data-id=\"47\" src=\"https:\/\/obocage58.fr\/wp-content\/uploads\/2021\/05\/vue-o-bocage.jpg\" alt=\"\" class=\"wp-image-47\" srcset=\"https:\/\/obocage58.fr\/wp-content\/uploads\/2021\/05\/vue-o-bocage.jpg 600w, https:\/\/obocage58.fr\/wp-content\/uploads\/2021\/05\/vue-o-bocage-300x225.jpg 300w\" sizes=\"auto, (max-width: 600px) 100vw, 600px\" \/><\/figure>\n\n\n\n<figure class=\"wp-block-image size-large\"><img loading=\"lazy\" decoding=\"async\" width=\"575\" height=\"265\" data-id=\"167\" src=\"https:\/\/obocage58.fr\/wp-content\/uploads\/2021\/05\/CAMPAGNE-e1621412097450.jpg\" alt=\"\" class=\"wp-image-167\" srcset=\"https:\/\/obocage58.fr\/wp-content\/uploads\/2021\/05\/CAMPAGNE-e1621412097450.jpg 575w, https:\/\/obocage58.fr\/wp-content\/uploads\/2021\/05\/CAMPAGNE-e1621412097450-300x138.jpg 300w\" sizes=\"auto, (max-width: 575px) 100vw, 575px\" \/><\/figure>\n\n\n\n<figure class=\"wp-block-image size-large\"><img loading=\"lazy\" decoding=\"async\" width=\"600\" height=\"450\" data-id=\"168\" src=\"https:\/\/obocage58.fr\/wp-content\/uploads\/2021\/05\/arc-en-ciel.jpg\" alt=\"\" class=\"wp-image-168\" srcset=\"https:\/\/obocage58.fr\/wp-content\/uploads\/2021\/05\/arc-en-ciel.jpg 600w, https:\/\/obocage58.fr\/wp-content\/uploads\/2021\/05\/arc-en-ciel-300x225.jpg 300w\" sizes=\"auto, (max-width: 600px) 100vw, 600px\" \/><\/figure>\n<\/figure>\n<\/div>\n<\/div>\n\n\n\n<figure class=\"wp-block-image size-large is-resized is-style-default\"><img loading=\"lazy\" decoding=\"async\" width=\"600\" height=\"450\" src=\"http:\/\/obocagg.cluster030.hosting.ovh.net\/wp-content\/uploads\/2021\/05\/plan-o-bocage.jpg\" alt=\"\" class=\"wp-image-211\" style=\"width:840px;height:630px\" srcset=\"https:\/\/obocage58.fr\/wp-content\/uploads\/2021\/05\/plan-o-bocage.jpg 600w, https:\/\/obocage58.fr\/wp-content\/uploads\/2021\/05\/plan-o-bocage-300x225.jpg 300w\" sizes=\"auto, (max-width: 600px) 100vw, 600px\" \/><\/figure>\n","protected":false},"excerpt":{"rendered":"<p>Situ\u00e9 dans le d\u00e9partement de la Ni\u00e8vre, \u00e0 quelques kilom\u00e8tres de Clamecy, O BOCAGE, Ariel et J\u00e9r\u00f4me sont heureux de vous accueillir dans leur ancienne \u00e9table r\u00e9habilit\u00e9e en 2 chambres meubl\u00e9es avec kitchenette partag\u00e9e. Dans un \u00e9crin de verdure, venez vous ressourcer dans ce lieu ou les amateurs de nature et de calme trouveront de [&hellip;]<\/p>\n","protected":false},"author":1,"featured_media":217,"parent":0,"menu_order":0,"comment_status":"closed","ping_status":"closed","template":"","meta":{"_seopress_robots_primary_cat":"","_seopress_titles_title":"","_seopress_titles_desc":"Chambres meubl\u00e9es, kitchenette partag\u00e9e situ\u00e9 en Clamecy et Varzy pour un bon et grand moment de calme et de s\u00e9r\u00e9nit\u00e9, immersion nature garantie","_seopress_robots_index":"","footnotes":""},"class_list":["post-67","page","type-page","status-publish","has-post-thumbnail","hentry"],"_links":{"self":[{"href":"https:\/\/obocage58.fr\/index.php\/wp-json\/wp\/v2\/pages\/67","targetHints":{"allow":["GET"]}}],"collection":[{"href":"https:\/\/obocage58.fr\/index.php\/wp-json\/wp\/v2\/pages"}],"about":[{"href":"https:\/\/obocage58.fr\/index.php\/wp-json\/wp\/v2\/types\/page"}],"author":[{"embeddable":true,"href":"https:\/\/obocage58.fr\/index.php\/wp-json\/wp\/v2\/users\/1"}],"replies":[{"embeddable":true,"href":"https:\/\/obocage58.fr\/index.php\/wp-json\/wp\/v2\/comments?post=67"}],"version-history":[{"count":43,"href":"https:\/\/obocage58.fr\/index.php\/wp-json\/wp\/v2\/pages\/67\/revisions"}],"predecessor-version":[{"id":405,"href":"https:\/\/obocage58.fr\/index.php\/wp-json\/wp\/v2\/pages\/67\/revisions\/405"}],"wp:featuredmedia":[{"embeddable":true,"href":"https:\/\/obocage58.fr\/index.php\/wp-json\/wp\/v2\/media\/217"}],"wp:attachment":[{"href":"https:\/\/obocage58.fr\/index.php\/wp-json\/wp\/v2\/media?parent=67"}],"curies":[{"name":"wp","href":"https:\/\/api.w.org\/{rel}","templated":true}]}}