{"id":68,"date":"2021-05-18T08:30:45","date_gmt":"2021-05-18T06:30:45","guid":{"rendered":"http:\/\/obocagg.cluster030.hosting.ovh.net\/?page_id=68"},"modified":"2026-03-18T14:08:03","modified_gmt":"2026-03-18T13:08:03","slug":"nos-tarifs","status":"publish","type":"page","link":"https:\/\/obocage58.fr\/index.php\/nos-tarifs\/","title":{"rendered":"Nos tarifs"},"content":{"rendered":"\n<div class=\"wp-block-group\"><div class=\"wp-block-group__inner-container is-layout-flow wp-block-group-is-layout-flow\">\n<p class=\"has-black-color has-text-color\"><\/p>\n\n\n\n<p><\/p>\n\n\n\n<p><\/p>\n\n\n\n<p><strong>Chambre \u00ab\u00a0Campagne\u00a0\u00bb<\/strong><\/p>\n\n\n\n<p>Nuit\u00e9e 60 \u20ac<\/p>\n\n\n\n<p>+ 8 \u20ac linge de lit et de toilette (selon vos besoins)<\/p>\n\n\n\n<p><strong>Chambre \u00ab\u00a0Shabby\u00a0\u00bb<\/strong><\/p>\n\n\n\n<p>Nuit\u00e9e 60 \u20ac<\/p>\n\n\n\n<p>+ 8 \u20ac linge de lit et de toilette (selon vos besoins)<\/p>\n<\/div><\/div>\n\n\n\n<p>Lit d&rsquo;appoint suppl\u00e9mentaire 15 \u20ac\/jour linge de lit et de toilette inclus<\/p>\n\n\n\n<p>Tarif semaine : 314 euros linge de lit et de toilette inclus \/ 306 \u20ac sans linge fourni<\/p>\n\n\n\n<p><\/p>\n\n\n<p>************************************************************************************************<\/p>\n\n\n<p><\/p>\n\n\n\n<p>La taxe de s\u00e9jour obligatoire s&rsquo;\u00e9l\u00e8ve \u00e0 0.65 \u20ac par personne par nuit, gratuit pour les moins de 18 ans.<\/p>\n\n\n\n<p>Si vous souhaitez r\u00e9server une chambre, contactez nous au : 07.83.95.98.58 \/ 06.25.21.59.13   <\/p>\n\n\n\n<p>                                                                          Ou par mail : contact@obocage58.fr<\/p>\n\n\n\n<p>Modes de paiement accept\u00e9s : virement, esp\u00e8ces.<\/p>\n","protected":false},"excerpt":{"rendered":"<p>Chambre \u00ab\u00a0Campagne\u00a0\u00bb Nuit\u00e9e 60 \u20ac + 8 \u20ac linge de lit et de toilette (selon vos besoins) Chambre \u00ab\u00a0Shabby\u00a0\u00bb Nuit\u00e9e 60 \u20ac + 8 \u20ac linge de lit et de toilette (selon vos besoins) Lit d&rsquo;appoint suppl\u00e9mentaire 15 \u20ac\/jour linge de lit et de toilette inclus Tarif semaine : 314 euros linge de lit et [&hellip;]<\/p>\n","protected":false},"author":1,"featured_media":0,"parent":0,"menu_order":0,"comment_status":"closed","ping_status":"closed","template":"","meta":{"_seopress_robots_primary_cat":"","_seopress_titles_title":"","_seopress_titles_desc":"consultez les tarifs de nos chambres meubl\u00e9es avec kitchenette partag\u00e9e, modes de paiement accept\u00e9s : virement bancaire","_seopress_robots_index":"","footnotes":""},"class_list":["post-68","page","type-page","status-publish","hentry"],"_links":{"self":[{"href":"https:\/\/obocage58.fr\/index.php\/wp-json\/wp\/v2\/pages\/68","targetHints":{"allow":["GET"]}}],"collection":[{"href":"https:\/\/obocage58.fr\/index.php\/wp-json\/wp\/v2\/pages"}],"about":[{"href":"https:\/\/obocage58.fr\/index.php\/wp-json\/wp\/v2\/types\/page"}],"author":[{"embeddable":true,"href":"https:\/\/obocage58.fr\/index.php\/wp-json\/wp\/v2\/users\/1"}],"replies":[{"embeddable":true,"href":"https:\/\/obocage58.fr\/index.php\/wp-json\/wp\/v2\/comments?post=68"}],"version-history":[{"count":30,"href":"https:\/\/obocage58.fr\/index.php\/wp-json\/wp\/v2\/pages\/68\/revisions"}],"predecessor-version":[{"id":410,"href":"https:\/\/obocage58.fr\/index.php\/wp-json\/wp\/v2\/pages\/68\/revisions\/410"}],"wp:attachment":[{"href":"https:\/\/obocage58.fr\/index.php\/wp-json\/wp\/v2\/media?parent=68"}],"curies":[{"name":"wp","href":"https:\/\/api.w.org\/{rel}","templated":true}]}}