{"id":69,"date":"2021-05-18T08:30:45","date_gmt":"2021-05-18T06:30:45","guid":{"rendered":"http:\/\/obocagg.cluster030.hosting.ovh.net\/?page_id=69"},"modified":"2026-01-15T10:50:23","modified_gmt":"2026-01-15T09:50:23","slug":"nous-contacter","status":"publish","type":"page","link":"https:\/\/obocage58.fr\/index.php\/nous-contacter\/","title":{"rendered":"Nous contacter"},"content":{"rendered":"\n<p>J\u00e9r\u00f4me et Ariel Valleron<\/p>\n\n\n\n<p>Chambres meubl\u00e9es \u00ab\u00a0O BOCAGE\u00a0\u00bb<\/p>\n\n\n\n<p>4 rue Claude Tillier<\/p>\n\n\n\n<p>Lieu dit : Menetou<\/p>\n\n\n\n<p>58210 Saint Pierre du Mont<\/p>\n\n\n\n<p>Coordonn\u00e9es GPS : 47\u00b024&rsquo;14.2&Prime;N 3\u00b026&rsquo;26.4&Prime;E <\/p>\n\n\n\n<p>T\u00e9l : <a href=\"http:\/\/06.25.21.59.13\" data-type=\"URL\" data-id=\"06.25.21.59.13\">06.25.21.59.13<\/a> \/ <a href=\"http:\/\/07.83.95.98.58\" data-type=\"URL\" data-id=\"07.83.95.98.58\">07.83.95.98.58<\/a><\/p>\n\n\n\n<p>Mail : <a href=\"contact@obocage58.fr\" data-type=\"URL\" data-id=\"contact@obocage58.fr\">contact@obocage58.fr<\/a><\/p>\n\n\n\n<iframe src=\"https:\/\/www.google.com\/maps\/embed?pb=!1m18!1m12!1m3!1d5400.86768961735!2d3.4377390295977945!3d47.40347834564891!2m3!1f0!2f0!3f0!3m2!1i1024!2i768!4f13.1!3m3!1m2!1s0x0%3A0x0!2zNDfCsDI0JzE0LjIiTiAzwrAyNicyNi40IkU!5e0!3m2!1sfr!2sfr!4v1621323904280!5m2!1sfr!2sfr\" width=\"600\" height=\"450\" style=\"border:0;\" allowfullscreen=\"\" loading=\"lazy\"><\/iframe>\n","protected":false},"excerpt":{"rendered":"<p>J\u00e9r\u00f4me et Ariel Valleron Chambres meubl\u00e9es \u00ab\u00a0O BOCAGE\u00a0\u00bb 4 rue Claude Tillier Lieu dit : Menetou 58210 Saint Pierre du Mont Coordonn\u00e9es GPS : 47\u00b024&rsquo;14.2&Prime;N 3\u00b026&rsquo;26.4&Prime;E T\u00e9l : 06.25.21.59.13 \/ 07.83.95.98.58 Mail : contact@obocage58.fr<\/p>\n","protected":false},"author":1,"featured_media":0,"parent":0,"menu_order":0,"comment_status":"closed","ping_status":"closed","template":"","meta":{"_seopress_robots_primary_cat":"","_seopress_titles_title":"","_seopress_titles_desc":"J\u00e9r\u00f4me et Ariel Valleron Chambres meubl\u00e9es, O BOCAGE situ\u00e9es 4 rue Claude Tillier lieu dit : Menetou 58210 Saint Pierre du Mont","_seopress_robots_index":"","footnotes":""},"class_list":["post-69","page","type-page","status-publish","hentry"],"_links":{"self":[{"href":"https:\/\/obocage58.fr\/index.php\/wp-json\/wp\/v2\/pages\/69","targetHints":{"allow":["GET"]}}],"collection":[{"href":"https:\/\/obocage58.fr\/index.php\/wp-json\/wp\/v2\/pages"}],"about":[{"href":"https:\/\/obocage58.fr\/index.php\/wp-json\/wp\/v2\/types\/page"}],"author":[{"embeddable":true,"href":"https:\/\/obocage58.fr\/index.php\/wp-json\/wp\/v2\/users\/1"}],"replies":[{"embeddable":true,"href":"https:\/\/obocage58.fr\/index.php\/wp-json\/wp\/v2\/comments?post=69"}],"version-history":[{"count":11,"href":"https:\/\/obocage58.fr\/index.php\/wp-json\/wp\/v2\/pages\/69\/revisions"}],"predecessor-version":[{"id":377,"href":"https:\/\/obocage58.fr\/index.php\/wp-json\/wp\/v2\/pages\/69\/revisions\/377"}],"wp:attachment":[{"href":"https:\/\/obocage58.fr\/index.php\/wp-json\/wp\/v2\/media?parent=69"}],"curies":[{"name":"wp","href":"https:\/\/api.w.org\/{rel}","templated":true}]}}