{"id":70,"date":"2021-05-18T08:30:45","date_gmt":"2021-05-18T06:30:45","guid":{"rendered":"http:\/\/obocagg.cluster030.hosting.ovh.net\/?page_id=70"},"modified":"2021-05-27T11:14:42","modified_gmt":"2021-05-27T09:14:42","slug":"a-visiter","status":"publish","type":"page","link":"https:\/\/obocage58.fr\/index.php\/a-visiter\/","title":{"rendered":"A visiter"},"content":{"rendered":"\n<p>Notre r\u00e9gion, riche en patrimoine ou vous pourrez d\u00e9couvrir :<\/p>\n\n\n\n<ul class=\"wp-block-list\"><li>V\u00e9zelay : Basilique Saint Madeleine inscrite au patrimoine de l&rsquo;Unesco. (32 km)<\/li><li>Clamecy : Une cit\u00e9 pr\u00e9serv\u00e9e depuis le Moyen \u00c2ge. (9 km)<\/li><li>Gu\u00e9delon : Ch\u00e2teau fort comme au moyen-\u00e2ge. (42 km)<\/li><li>Ch\u00e2teau de Saint Fargeau :  Un des plus grands spectacle historique d&rsquo;Europe. (48 km)<\/li><li>Ch\u00e2teau de Bazoches : Fortification de Vauban. (38 km) <\/li><li>Auxerre : Cath\u00e9drale Sainte Etienne. (52 km)<\/li><li>Nevers :  Palais ducal, 1er ch\u00e2teau de la Loire. (67 km)  <\/li><li>Parc r\u00e9gional du Morvan : Montagne bourguignonne. (25 km)<\/li><li>Le canal du Nivernais : long de 180 km, accueil de plaisanciers, randonneurs, cyclistes etc&#8230; (9 km)<\/li><\/ul>\n\n\n\n<figure class=\"wp-block-gallery columns-3 is-cropped wp-block-gallery-1 is-layout-flex wp-block-gallery-is-layout-flex\"><ul class=\"blocks-gallery-grid\"><li class=\"blocks-gallery-item\"><figure><img loading=\"lazy\" decoding=\"async\" width=\"1024\" height=\"640\" src=\"http:\/\/obocagg.cluster030.hosting.ovh.net\/wp-content\/uploads\/2021\/05\/canal-du-nivernais-4-1024x640.jpg\" alt=\"\" data-id=\"268\" data-full-url=\"http:\/\/obocagg.cluster030.hosting.ovh.net\/wp-content\/uploads\/2021\/05\/canal-du-nivernais-4.jpg\" data-link=\"http:\/\/obocagg.cluster030.hosting.ovh.net\/index.php\/a-visiter\/canal-du-nivernais-4\/\" class=\"wp-image-268\" srcset=\"https:\/\/obocage58.fr\/wp-content\/uploads\/2021\/05\/canal-du-nivernais-4-1024x640.jpg 1024w, https:\/\/obocage58.fr\/wp-content\/uploads\/2021\/05\/canal-du-nivernais-4-300x188.jpg 300w, https:\/\/obocage58.fr\/wp-content\/uploads\/2021\/05\/canal-du-nivernais-4-768x480.jpg 768w, https:\/\/obocage58.fr\/wp-content\/uploads\/2021\/05\/canal-du-nivernais-4-1536x960.jpg 1536w, https:\/\/obocage58.fr\/wp-content\/uploads\/2021\/05\/canal-du-nivernais-4.jpg 1920w\" sizes=\"auto, (max-width: 1024px) 100vw, 1024px\" \/><\/figure><\/li><li class=\"blocks-gallery-item\"><figure><img loading=\"lazy\" decoding=\"async\" width=\"600\" height=\"450\" src=\"http:\/\/obocagg.cluster030.hosting.ovh.net\/wp-content\/uploads\/2021\/05\/chateau-de-bazoches.jpg\" alt=\"\" data-id=\"269\" data-full-url=\"http:\/\/obocagg.cluster030.hosting.ovh.net\/wp-content\/uploads\/2021\/05\/chateau-de-bazoches.jpg\" data-link=\"http:\/\/obocagg.cluster030.hosting.ovh.net\/index.php\/a-visiter\/chateau-de-bazoches\/\" class=\"wp-image-269\" srcset=\"https:\/\/obocage58.fr\/wp-content\/uploads\/2021\/05\/chateau-de-bazoches.jpg 600w, https:\/\/obocage58.fr\/wp-content\/uploads\/2021\/05\/chateau-de-bazoches-300x225.jpg 300w\" sizes=\"auto, (max-width: 600px) 100vw, 600px\" \/><\/figure><\/li><li class=\"blocks-gallery-item\"><figure><img loading=\"lazy\" decoding=\"async\" width=\"1024\" height=\"682\" src=\"http:\/\/obocagg.cluster030.hosting.ovh.net\/wp-content\/uploads\/2021\/05\/guedelon-2-1024x682.jpg\" alt=\"\" data-id=\"270\" data-full-url=\"http:\/\/obocagg.cluster030.hosting.ovh.net\/wp-content\/uploads\/2021\/05\/guedelon-2.jpg\" data-link=\"http:\/\/obocagg.cluster030.hosting.ovh.net\/index.php\/a-visiter\/guedelon-2\/\" class=\"wp-image-270\" srcset=\"https:\/\/obocage58.fr\/wp-content\/uploads\/2021\/05\/guedelon-2-1024x682.jpg 1024w, https:\/\/obocage58.fr\/wp-content\/uploads\/2021\/05\/guedelon-2-300x200.jpg 300w, https:\/\/obocage58.fr\/wp-content\/uploads\/2021\/05\/guedelon-2-768x511.jpg 768w, https:\/\/obocage58.fr\/wp-content\/uploads\/2021\/05\/guedelon-2-1536x1022.jpg 1536w, https:\/\/obocage58.fr\/wp-content\/uploads\/2021\/05\/guedelon-2.jpg 1920w\" sizes=\"auto, (max-width: 1024px) 100vw, 1024px\" \/><\/figure><\/li><li class=\"blocks-gallery-item\"><figure><img loading=\"lazy\" decoding=\"async\" width=\"1024\" height=\"574\" src=\"http:\/\/obocagg.cluster030.hosting.ovh.net\/wp-content\/uploads\/2021\/05\/parc-du-morvan-2-1024x574.jpg\" alt=\"\" data-id=\"271\" data-full-url=\"http:\/\/obocagg.cluster030.hosting.ovh.net\/wp-content\/uploads\/2021\/05\/parc-du-morvan-2.jpg\" data-link=\"http:\/\/obocagg.cluster030.hosting.ovh.net\/index.php\/a-visiter\/parc-du-morvan-2\/\" class=\"wp-image-271\" srcset=\"https:\/\/obocage58.fr\/wp-content\/uploads\/2021\/05\/parc-du-morvan-2-1024x574.jpg 1024w, https:\/\/obocage58.fr\/wp-content\/uploads\/2021\/05\/parc-du-morvan-2-300x168.jpg 300w, https:\/\/obocage58.fr\/wp-content\/uploads\/2021\/05\/parc-du-morvan-2-768x431.jpg 768w, https:\/\/obocage58.fr\/wp-content\/uploads\/2021\/05\/parc-du-morvan-2-1536x862.jpg 1536w, https:\/\/obocage58.fr\/wp-content\/uploads\/2021\/05\/parc-du-morvan-2.jpg 1920w\" sizes=\"auto, (max-width: 1024px) 100vw, 1024px\" \/><\/figure><\/li><li class=\"blocks-gallery-item\"><figure><img loading=\"lazy\" decoding=\"async\" width=\"600\" height=\"450\" src=\"http:\/\/obocagg.cluster030.hosting.ovh.net\/wp-content\/uploads\/2021\/05\/vezelay.jpg\" alt=\"\" data-id=\"272\" data-full-url=\"http:\/\/obocagg.cluster030.hosting.ovh.net\/wp-content\/uploads\/2021\/05\/vezelay.jpg\" data-link=\"http:\/\/obocagg.cluster030.hosting.ovh.net\/index.php\/a-visiter\/vezelay\/\" class=\"wp-image-272\" srcset=\"https:\/\/obocage58.fr\/wp-content\/uploads\/2021\/05\/vezelay.jpg 600w, https:\/\/obocage58.fr\/wp-content\/uploads\/2021\/05\/vezelay-300x225.jpg 300w\" sizes=\"auto, (max-width: 600px) 100vw, 600px\" \/><\/figure><\/li><li class=\"blocks-gallery-item\"><figure><img loading=\"lazy\" decoding=\"async\" width=\"450\" height=\"600\" src=\"http:\/\/obocagg.cluster030.hosting.ovh.net\/wp-content\/uploads\/2021\/05\/clamecy-1.jpg\" alt=\"\" data-id=\"215\" data-full-url=\"http:\/\/obocagg.cluster030.hosting.ovh.net\/wp-content\/uploads\/2021\/05\/clamecy-1.jpg\" data-link=\"http:\/\/obocagg.cluster030.hosting.ovh.net\/index.php\/a-visiter\/hdrpl-2\/\" class=\"wp-image-215\" srcset=\"https:\/\/obocage58.fr\/wp-content\/uploads\/2021\/05\/clamecy-1.jpg 450w, https:\/\/obocage58.fr\/wp-content\/uploads\/2021\/05\/clamecy-1-225x300.jpg 225w\" sizes=\"auto, (max-width: 450px) 100vw, 450px\" \/><\/figure><\/li><\/ul><\/figure>\n","protected":false},"excerpt":{"rendered":"<p>Notre r\u00e9gion, riche en patrimoine ou vous pourrez d\u00e9couvrir : V\u00e9zelay : Basilique Saint Madeleine inscrite au patrimoine de l&rsquo;Unesco. (32 km) Clamecy : Une cit\u00e9 pr\u00e9serv\u00e9e depuis le Moyen \u00c2ge. (9 km) Gu\u00e9delon : Ch\u00e2teau fort comme au moyen-\u00e2ge. (42 km) Ch\u00e2teau de Saint Fargeau : Un des plus grands spectacle historique d&rsquo;Europe. (48 [&hellip;]<\/p>\n","protected":false},"author":1,"featured_media":0,"parent":0,"menu_order":0,"comment_status":"closed","ping_status":"closed","template":"","meta":{"_seopress_robots_primary_cat":"","_seopress_titles_title":"","_seopress_titles_desc":"visitez notre r\u00e9gion riche en patrimoine, Clamecy, Vezelay, Nevers, le parc du Morvan, Gu\u00e9delon, Ch\u00e2teau de Bazoches","_seopress_robots_index":"","footnotes":""},"class_list":["post-70","page","type-page","status-publish","hentry"],"_links":{"self":[{"href":"https:\/\/obocage58.fr\/index.php\/wp-json\/wp\/v2\/pages\/70","targetHints":{"allow":["GET"]}}],"collection":[{"href":"https:\/\/obocage58.fr\/index.php\/wp-json\/wp\/v2\/pages"}],"about":[{"href":"https:\/\/obocage58.fr\/index.php\/wp-json\/wp\/v2\/types\/page"}],"author":[{"embeddable":true,"href":"https:\/\/obocage58.fr\/index.php\/wp-json\/wp\/v2\/users\/1"}],"replies":[{"embeddable":true,"href":"https:\/\/obocage58.fr\/index.php\/wp-json\/wp\/v2\/comments?post=70"}],"version-history":[{"count":5,"href":"https:\/\/obocage58.fr\/index.php\/wp-json\/wp\/v2\/pages\/70\/revisions"}],"predecessor-version":[{"id":275,"href":"https:\/\/obocage58.fr\/index.php\/wp-json\/wp\/v2\/pages\/70\/revisions\/275"}],"wp:attachment":[{"href":"https:\/\/obocage58.fr\/index.php\/wp-json\/wp\/v2\/media?parent=70"}],"curies":[{"name":"wp","href":"https:\/\/api.w.org\/{rel}","templated":true}]}}